{"id":43,"date":"2025-05-12T15:51:34","date_gmt":"2025-05-12T13:51:34","guid":{"rendered":"https:\/\/anaisfauveau-therapie.fr\/index.php\/contact-vf\/"},"modified":"2025-05-16T08:27:39","modified_gmt":"2025-05-16T06:27:39","slug":"contact","status":"publish","type":"page","link":"https:\/\/anaisfauveau-therapie.fr\/index.php\/contact\/","title":{"rendered":"Contact"},"content":{"rendered":"\n<div class=\"wp-block-group alignfull is-layout-flow wp-block-group-is-layout-flow\">\n<div class=\"wp-block-group alignfull has-global-padding is-layout-constrained wp-container-core-group-is-layout-4ecd408b wp-block-group-is-layout-constrained\" style=\"margin-top:0;margin-bottom:0;padding-top:0;padding-right:var(--wp--preset--spacing--superbspacing-xsmall);padding-bottom:var(--wp--preset--spacing--superbspacing-small);padding-left:var(--wp--preset--spacing--superbspacing-xsmall)\">\n<div style=\"height:24px\" aria-hidden=\"true\" class=\"wp-block-spacer\"><\/div>\n\n\n\n<div class=\"wp-block-group alignwide is-vertical is-content-justification-center is-layout-flex wp-container-core-group-is-layout-f90d858d wp-block-group-is-layout-flex\" style=\"border-radius:20px;padding-top:0;padding-right:0;padding-bottom:0;padding-left:0\">\n<div class=\"wp-block-group has-global-padding is-content-justification-center is-layout-constrained wp-container-core-group-is-layout-fe7bfd86 wp-block-group-is-layout-constrained\">\n<p class=\"has-text-align-center has-mono-2-color has-text-color has-superbfont-small-font-size\">N&rsquo;h\u00e9sitez pas \u00e0 me contacter pour toute question.<\/p>\n<\/div>\n<\/div>\n\n\n\n<div class=\"wp-block-group has-global-padding is-layout-constrained wp-container-core-group-is-layout-b3edac70 wp-block-group-is-layout-constrained\" style=\"padding-top:var(--wp--preset--spacing--superbspacing-small)\">\n<div class=\"wp-block-columns is-layout-flex wp-container-core-columns-is-layout-28f84493 wp-block-columns-is-layout-flex\">\n<div class=\"wp-block-column has-mono-3-background-color has-background is-layout-flow wp-block-column-is-layout-flow\" style=\"padding-top:var(--wp--preset--spacing--superbspacing-small);padding-right:var(--wp--preset--spacing--superbspacing-small);padding-bottom:var(--wp--preset--spacing--superbspacing-small);padding-left:var(--wp--preset--spacing--superbspacing-small)\">\n<figure class=\"wp-block-image aligncenter size-full is-resized\"><img loading=\"lazy\" decoding=\"async\" width=\"500\" height=\"500\" src=\"http:\/\/anaisfauveau-therapie.fr\/wp-content\/uploads\/2025\/05\/5.png\" alt=\"\" class=\"wp-image-99\" style=\"object-fit:cover;width:110px;height:auto\" srcset=\"https:\/\/anaisfauveau-therapie.fr\/wp-content\/uploads\/2025\/05\/5.png 500w, https:\/\/anaisfauveau-therapie.fr\/wp-content\/uploads\/2025\/05\/5-300x300.png 300w, https:\/\/anaisfauveau-therapie.fr\/wp-content\/uploads\/2025\/05\/5-150x150.png 150w\" sizes=\"auto, (max-width: 500px) 100vw, 500px\" \/><\/figure>\n\n\n\n<h3 class=\"wp-block-heading has-text-align-center has-primary-hover-color has-text-color has-link-color has-superbfont-medium-font-size wp-elements-790ba89121ceaa5b890cf756a1f183ca\" style=\"margin-top:0;margin-bottom:0\">E-mail <\/h3>\n\n\n\n<p class=\"has-text-align-center has-text-color has-superbfont-xsmall-font-size\" style=\"color:#919497;margin-top:var(--wp--preset--spacing--superbspacing-xxsmall);margin-bottom:0\">anaisfauveau@live.fr<\/p>\n<\/div>\n\n\n\n<div class=\"wp-block-column has-mono-3-background-color has-background is-layout-flow wp-block-column-is-layout-flow\" style=\"padding-top:var(--wp--preset--spacing--superbspacing-small);padding-right:var(--wp--preset--spacing--superbspacing-small);padding-bottom:var(--wp--preset--spacing--superbspacing-small);padding-left:var(--wp--preset--spacing--superbspacing-small)\">\n<figure class=\"wp-block-image aligncenter size-full is-resized\"><img loading=\"lazy\" decoding=\"async\" width=\"500\" height=\"500\" src=\"http:\/\/anaisfauveau-therapie.fr\/wp-content\/uploads\/2025\/05\/6.png\" alt=\"\" class=\"wp-image-100\" style=\"object-fit:cover;width:110px;height:auto\" srcset=\"https:\/\/anaisfauveau-therapie.fr\/wp-content\/uploads\/2025\/05\/6.png 500w, https:\/\/anaisfauveau-therapie.fr\/wp-content\/uploads\/2025\/05\/6-300x300.png 300w, https:\/\/anaisfauveau-therapie.fr\/wp-content\/uploads\/2025\/05\/6-150x150.png 150w\" sizes=\"auto, (max-width: 500px) 100vw, 500px\" \/><\/figure>\n\n\n\n<h3 class=\"wp-block-heading has-text-align-center has-primary-hover-color has-text-color has-superbfont-medium-font-size\" style=\"margin-top:0;margin-bottom:0\">T\u00e9l\u00e9phone<\/h3>\n\n\n\n<p class=\"has-text-align-center has-text-color has-superbfont-xsmall-font-size\" style=\"color:#919497;margin-top:var(--wp--preset--spacing--superbspacing-xxsmall);margin-bottom:0\">06 24 59 06 21<\/p>\n<\/div>\n<\/div>\n<\/div>\n<\/div>\n\n\n\n<div class=\"wp-block-group alignfull has-global-padding is-layout-constrained wp-container-core-group-is-layout-16efdcac wp-block-group-is-layout-constrained\" style=\"margin-top:0;margin-bottom:0;padding-top:var(--wp--preset--spacing--superbspacing-small);padding-right:var(--wp--preset--spacing--superbspacing-small);padding-bottom:var(--wp--preset--spacing--superbspacing-small);padding-left:var(--wp--preset--spacing--superbspacing-small)\">\n<div class=\"wp-block-group alignwide has-global-padding is-layout-constrained wp-container-core-group-is-layout-e52907a5 wp-block-group-is-layout-constrained\">\n<h2 class=\"wp-block-heading has-text-align-center has-text-color has-superbfont-xlarge-font-size\" style=\"color:#3f6158\">Le cabinet<\/h2>\n\n\n\n<p class=\"has-text-align-center has-text-color has-superbfont-small-font-size\" style=\"color:#92969e\">Le cabinet est situ\u00e9 \u00e0 Neuville-sur-Sa\u00f4ne, dans un environnement paisible et verdoyant, en lisi\u00e8re de nature, loin de l&rsquo;agitation urbaine \u2014 un lieu propice au calme, \u00e0 la r\u00e9flexion et au ressourcement<\/p>\n<\/div>\n\n\n\n<div class=\"wp-block-group alignwide has-global-padding is-layout-constrained wp-block-group-is-layout-constrained\">\n<div class=\"wp-block-superb-addons-google-maps alignfull\"><div class=\"superbaddons-google-maps-block\" style=\"border-radius:2%;height:450px\"><iframe loading=\"lazy\" width=\"100%\" height=\"450px\" frameborder=\"0\" margin=\"0\" padding=\"0\" referrerpolicy=\"no-referrer-when-downgrade\" src=\"https:\/\/maps.google.com\/maps?width=100%&amp;height=100%&amp;q=263 impasse de la cavin&amp;t=&amp;z=13&amp;hl=fr&amp;ie=UTF8&amp;iwloc=B&amp;output=embed\"><\/iframe><\/div><\/div>\n<\/div>\n<\/div>\n<\/div>\n","protected":false},"excerpt":{"rendered":"<p>N&rsquo;h\u00e9sitez pas \u00e0 me contacter pour toute question. E-mail anaisfauveau@live.fr T\u00e9l\u00e9phone 06 24 59 06 21 Le cabinet Le cabinet est situ\u00e9 \u00e0 Neuville-sur-Sa\u00f4ne, dans un environnement paisible et verdoyant, en lisi\u00e8re de nature, loin de l&rsquo;agitation urbaine \u2014 un lieu propice au calme, \u00e0 la r\u00e9flexion et au ressourcement<\/p>\n","protected":false},"author":1,"featured_media":0,"parent":0,"menu_order":0,"comment_status":"closed","ping_status":"closed","template":"page-full-width","meta":{"footnotes":""},"class_list":["post-43","page","type-page","status-publish","hentry"],"_links":{"self":[{"href":"https:\/\/anaisfauveau-therapie.fr\/index.php\/wp-json\/wp\/v2\/pages\/43","targetHints":{"allow":["GET"]}}],"collection":[{"href":"https:\/\/anaisfauveau-therapie.fr\/index.php\/wp-json\/wp\/v2\/pages"}],"about":[{"href":"https:\/\/anaisfauveau-therapie.fr\/index.php\/wp-json\/wp\/v2\/types\/page"}],"author":[{"embeddable":true,"href":"https:\/\/anaisfauveau-therapie.fr\/index.php\/wp-json\/wp\/v2\/users\/1"}],"replies":[{"embeddable":true,"href":"https:\/\/anaisfauveau-therapie.fr\/index.php\/wp-json\/wp\/v2\/comments?post=43"}],"version-history":[{"count":9,"href":"https:\/\/anaisfauveau-therapie.fr\/index.php\/wp-json\/wp\/v2\/pages\/43\/revisions"}],"predecessor-version":[{"id":113,"href":"https:\/\/anaisfauveau-therapie.fr\/index.php\/wp-json\/wp\/v2\/pages\/43\/revisions\/113"}],"wp:attachment":[{"href":"https:\/\/anaisfauveau-therapie.fr\/index.php\/wp-json\/wp\/v2\/media?parent=43"}],"curies":[{"name":"wp","href":"https:\/\/api.w.org\/{rel}","templated":true}]}}