{"id":22,"date":"2025-05-12T13:25:38","date_gmt":"2025-05-12T11:25:38","guid":{"rendered":"https:\/\/anaisfauveau-therapie.fr\/index.php\/about-14\/"},"modified":"2025-05-16T08:25:57","modified_gmt":"2025-05-16T06:25:57","slug":"quisuisje","status":"publish","type":"page","link":"https:\/\/anaisfauveau-therapie.fr\/index.php\/quisuisje\/","title":{"rendered":"Qui suis-je ?"},"content":{"rendered":"\n<div class=\"wp-block-group alignfull has-global-padding is-layout-constrained wp-container-core-group-is-layout-8bbd0b3b wp-block-group-is-layout-constrained\" style=\"margin-top:0;margin-bottom:0;padding-top:var(--wp--preset--spacing--superbspacing-large);padding-right:var(--wp--preset--spacing--superbspacing-small);padding-bottom:var(--wp--preset--spacing--superbspacing-large);padding-left:var(--wp--preset--spacing--superbspacing-small)\">\n<div class=\"wp-block-columns alignwide is-layout-flex wp-container-core-columns-is-layout-25593187 wp-block-columns-is-layout-flex\">\n<div class=\"wp-block-column is-vertically-aligned-center is-layout-flow wp-container-core-column-is-layout-40a2a7e8 wp-block-column-is-layout-flow\" style=\"padding-right:0;padding-bottom:0;padding-left:0\">\n<figure class=\"wp-block-image aligncenter size-large is-resized has-custom-border\"><img loading=\"lazy\" decoding=\"async\" width=\"699\" height=\"752\" src=\"https:\/\/anaisfauveau-therapie.fr\/wp-content\/uploads\/2025\/05\/Gandhi-11-e1747059435729-edited.jpg\" alt=\"\" class=\"wp-image-79\" style=\"border-radius:0px;width:379px;height:auto\" srcset=\"https:\/\/anaisfauveau-therapie.fr\/wp-content\/uploads\/2025\/05\/Gandhi-11-e1747059435729-edited.jpg 699w, https:\/\/anaisfauveau-therapie.fr\/wp-content\/uploads\/2025\/05\/Gandhi-11-e1747059435729-edited-279x300.jpg 279w\" sizes=\"auto, (max-width: 699px) 100vw, 699px\" \/><\/figure>\n<\/div>\n\n\n\n<div class=\"wp-block-column is-vertically-aligned-center is-layout-flow wp-container-core-column-is-layout-a1628350 wp-block-column-is-layout-flow\" style=\"padding-top:0;padding-right:0;padding-bottom:0;padding-left:0\">\n<div class=\"wp-block-group is-layout-flow wp-container-core-group-is-layout-ff697075 wp-block-group-is-layout-flow\">\n<h3 class=\"wp-block-heading has-text-align-left has-primary-color has-text-color has-link-color has-superbfont-large-font-size wp-elements-54838e45dde3455b441ac7319c4cf966\" style=\"line-height:1.2\">Pour me pr\u00e9senter un peu&#8230;<\/h3>\n\n\n\n<p><\/p>\n\n\n\n<p class=\"has-text-align-left has-featured-color has-text-color has-link-color has-fontsecondary-font-family has-superbfont-xsmall-font-size wp-elements-a3c76e987fcb7a74b572071f74a8eb24\"><span class=\"has-superb-addons-text-align-justify\">Avant de devenir psychopraticienne, j\u2019ai travaill\u00e9 pendant plus de dix ans dans le marketing. Cette exp\u00e9rience m\u2019a appris \u00e0 d\u00e9crypter les besoins, les \u00e9motions et les fragilit\u00e9s humaines. Mais peu \u00e0 peu, j\u2019ai ressenti le besoin d\u2019un lien plus direct, plus vrai avec les personnes \u2014 d\u2019\u00eatre pleinement pr\u00e9sente \u00e0 l\u2019autre, au-del\u00e0 des strat\u00e9gies et des discours.<\/span><\/p>\n\n\n\n<p class=\"has-featured-color has-text-color has-link-color has-fontsecondary-font-family has-superbfont-xsmall-font-size wp-elements-cbe82e1763b8b865b3c825168f7e8c13\"><span class=\"has-superb-addons-text-align-justify\">Anim\u00e9e depuis toujours par une profonde bienveillance et un v\u00e9ritable amour de l\u2019humain, j\u2019ai choisi de me former \u00e0 la psychoth\u00e9rapie au sein de l\u2019\u00e9cole Itacom. J\u2019y ai acquis des outils solides pour accompagner chacun dans son cheminement, tout en cultivant une posture d\u2019\u00e9coute, de respect et de pr\u00e9sence sinc\u00e8re.<\/span><\/p>\n\n\n\n<p class=\"has-featured-color has-text-color has-link-color has-fontsecondary-font-family has-superbfont-xsmall-font-size wp-elements-4b8b878cb2263783d657bcc0e7549b93\"><span class=\"has-superb-addons-text-align-justify\">Ce qui me touche et me guide dans cette pratique, c\u2019est la richesse de chaque histoire, la singularit\u00e9 de chaque personne. Je crois profond\u00e9ment que chacun porte en soi les ressources pour avancer, \u00e0 condition de se sentir accueilli.e avec douceur et sans jugement.<\/span><\/p>\n\n\n\n<p class=\"has-text-align-left has-featured-color has-text-color has-link-color has-fontsecondary-font-family has-superbfont-xsmall-font-size wp-elements-430c8873d823d2193d598683b199b5b7\"><span class=\"has-superb-addons-text-align-justify\">Je vous re\u00e7ois \u00e0 Neuville-sur-Sa\u00f4ne, dans un lieu calme, verdoyant, propice \u00e0 l\u2019apaisement. En compl\u00e9ment des s\u00e9ances en cabinet, je propose \u00e9galement de la <strong>zooth\u00e9rapie<\/strong>, o\u00f9 la pr\u00e9sence de l\u2019animal vient enrichir et soutenir le travail th\u00e9rapeutique.<\/span><\/p>\n<\/div>\n<\/div>\n<\/div>\n<\/div>\n\n\n\n<div class=\"wp-block-group alignfull has-global-padding is-layout-constrained wp-container-core-group-is-layout-4aa643fe wp-block-group-is-layout-constrained\" style=\"margin-top:0;margin-bottom:0;padding-top:var(--wp--preset--spacing--superbspacing-large);padding-right:var(--wp--preset--spacing--superbspacing-small);padding-bottom:var(--wp--preset--spacing--superbspacing-large);padding-left:var(--wp--preset--spacing--superbspacing-small)\">\n<div class=\"wp-block-cover alignwide is-light\" style=\"border-radius:0px;min-height:351px;aspect-ratio:unset;\"><img loading=\"lazy\" decoding=\"async\" width=\"1024\" height=\"682\" class=\"wp-block-cover__image-background wp-image-76 size-large\" alt=\"\" src=\"http:\/\/anaisfauveau-therapie.fr\/wp-content\/uploads\/2025\/05\/WhatsApp-Image-2025-01-26-a-15.34.28_a56e5d16-1024x682.jpg\" style=\"object-position:52% 52%\" data-object-fit=\"cover\" data-object-position=\"52% 52%\" srcset=\"https:\/\/anaisfauveau-therapie.fr\/wp-content\/uploads\/2025\/05\/WhatsApp-Image-2025-01-26-a-15.34.28_a56e5d16-1024x682.jpg 1024w, https:\/\/anaisfauveau-therapie.fr\/wp-content\/uploads\/2025\/05\/WhatsApp-Image-2025-01-26-a-15.34.28_a56e5d16-300x200.jpg 300w, https:\/\/anaisfauveau-therapie.fr\/wp-content\/uploads\/2025\/05\/WhatsApp-Image-2025-01-26-a-15.34.28_a56e5d16-768x512.jpg 768w, https:\/\/anaisfauveau-therapie.fr\/wp-content\/uploads\/2025\/05\/WhatsApp-Image-2025-01-26-a-15.34.28_a56e5d16-1536x1023.jpg 1536w, https:\/\/anaisfauveau-therapie.fr\/wp-content\/uploads\/2025\/05\/WhatsApp-Image-2025-01-26-a-15.34.28_a56e5d16.jpg 1600w\" sizes=\"auto, (max-width: 1024px) 100vw, 1024px\" \/><span aria-hidden=\"true\" class=\"wp-block-cover__background has-contrast-dark-background-color has-background-dim-40 has-background-dim\"><\/span><div class=\"wp-block-cover__inner-container is-layout-flow wp-block-cover-is-layout-flow\">\n<div class=\"wp-block-group alignwide is-vertical is-content-justification-center is-layout-flex wp-container-core-group-is-layout-6a65a245 wp-block-group-is-layout-flex\" style=\"border-radius:20px;padding-top:var(--wp--preset--spacing--superbspacing-medium);padding-right:var(--wp--preset--spacing--superbspacing-xsmall);padding-bottom:var(--wp--preset--spacing--superbspacing-medium);padding-left:var(--wp--preset--spacing--superbspacing-xsmall)\">\n<div class=\"wp-block-group has-global-padding is-layout-constrained wp-container-core-group-is-layout-85cc789f wp-block-group-is-layout-constrained\">\n<h1 class=\"wp-block-heading has-text-align-center has-base-color has-text-color has-link-color has-superbfont-xlarge-font-size wp-elements-af337a927dc4bda4108f6a6e0b536775\">Qu&rsquo;est ce que la zooth\u00e9rapie ?<\/h1>\n<\/div>\n\n\n\n<div class=\"wp-block-buttons wp-container-content-9cfa9a5a is-content-justification-center is-layout-flex wp-container-core-buttons-is-layout-9b2276be wp-block-buttons-is-layout-flex\">\n<div class=\"wp-block-button is-style-outline is-style-outline--1\"><a class=\"wp-block-button__link has-contrast-light-color has-text-color has-link-color has-border-color has-contrast-light-border-color has-superbfont-small-font-size has-custom-font-size wp-element-button\" href=\"http:\/\/www.fauveauzootherapie.fr\" style=\"border-width:1px\">En savoir +<\/a><\/div>\n<\/div>\n<\/div>\n<\/div><\/div>\n<\/div>\n","protected":false},"excerpt":{"rendered":"<p>Pour me pr\u00e9senter un peu&#8230; Avant de devenir psychopraticienne, j\u2019ai travaill\u00e9 pendant plus de dix ans dans le marketing. Cette exp\u00e9rience m\u2019a appris \u00e0 d\u00e9crypter les besoins, les \u00e9motions et les fragilit\u00e9s humaines. Mais peu \u00e0 peu, j\u2019ai ressenti le besoin d\u2019un lien plus direct, plus vrai avec les personnes \u2014 d\u2019\u00eatre pleinement pr\u00e9sente \u00e0 [&hellip;]<\/p>\n","protected":false},"author":1,"featured_media":0,"parent":0,"menu_order":0,"comment_status":"closed","ping_status":"closed","template":"superbaddons-page-template","meta":{"footnotes":""},"class_list":["post-22","page","type-page","status-publish","hentry"],"_links":{"self":[{"href":"https:\/\/anaisfauveau-therapie.fr\/index.php\/wp-json\/wp\/v2\/pages\/22","targetHints":{"allow":["GET"]}}],"collection":[{"href":"https:\/\/anaisfauveau-therapie.fr\/index.php\/wp-json\/wp\/v2\/pages"}],"about":[{"href":"https:\/\/anaisfauveau-therapie.fr\/index.php\/wp-json\/wp\/v2\/types\/page"}],"author":[{"embeddable":true,"href":"https:\/\/anaisfauveau-therapie.fr\/index.php\/wp-json\/wp\/v2\/users\/1"}],"replies":[{"embeddable":true,"href":"https:\/\/anaisfauveau-therapie.fr\/index.php\/wp-json\/wp\/v2\/comments?post=22"}],"version-history":[{"count":9,"href":"https:\/\/anaisfauveau-therapie.fr\/index.php\/wp-json\/wp\/v2\/pages\/22\/revisions"}],"predecessor-version":[{"id":110,"href":"https:\/\/anaisfauveau-therapie.fr\/index.php\/wp-json\/wp\/v2\/pages\/22\/revisions\/110"}],"wp:attachment":[{"href":"https:\/\/anaisfauveau-therapie.fr\/index.php\/wp-json\/wp\/v2\/media?parent=22"}],"curies":[{"name":"wp","href":"https:\/\/api.w.org\/{rel}","templated":true}]}}