{"id":16,"date":"2025-05-12T13:20:25","date_gmt":"2025-05-12T11:20:25","guid":{"rendered":"https:\/\/anaisfauveau-therapie.fr\/index.php\/landing-page-7\/"},"modified":"2025-05-16T08:27:19","modified_gmt":"2025-05-16T06:27:19","slug":"therapie","status":"publish","type":"page","link":"https:\/\/anaisfauveau-therapie.fr\/index.php\/therapie\/","title":{"rendered":"La th\u00e9rapie"},"content":{"rendered":"\n<div class=\"wp-block-group alignfull superbthemes-navigation-004 is-layout-flow wp-block-group-is-layout-flow\" style=\"margin-top:0;margin-bottom:0;padding-top:0;padding-bottom:0\"><\/div>\n\n\n\n<div class=\"wp-block-group alignfull has-background has-global-padding is-layout-constrained wp-container-core-group-is-layout-c3433f61 wp-block-group-is-layout-constrained\" style=\"background-color:#f0e4e187;margin-top:0;margin-bottom:0;padding-top:var(--wp--preset--spacing--superbspacing-xxlarge);padding-right:var(--wp--preset--spacing--superbspacing-small);padding-bottom:var(--wp--preset--spacing--superbspacing-xxlarge);padding-left:var(--wp--preset--spacing--superbspacing-small)\">\n<div class=\"wp-block-columns alignwide is-layout-flex wp-container-core-columns-is-layout-25593187 wp-block-columns-is-layout-flex\">\n<div class=\"wp-block-column is-vertically-aligned-center is-layout-flow wp-container-core-column-is-layout-a1628350 wp-block-column-is-layout-flow\" style=\"padding-top:0;padding-right:0;padding-bottom:0;padding-left:0\">\n<div class=\"wp-block-group is-layout-flow wp-container-core-group-is-layout-ff697075 wp-block-group-is-layout-flow\">\n<p><\/p>\n\n\n\n<p class=\"has-text-align-left has-secondary-color has-text-color has-superbfont-small-font-size\">Mon r\u00f4le est de vous accompagner avec \u00e9coute, bienveillance et respect, dans ce que vous traversez ou cherchez \u00e0 transformer.<\/p>\n\n\n\n<p class=\"has-superbfont-small-font-size\">Que vous soyez confront\u00e9.e \u00e0 une difficult\u00e9, une p\u00e9riode de transition, une souffrance ancienne ou simplement le besoin de mieux vous conna\u00eetre, je vous propose un espace d\u2019accueil sinc\u00e8re et sans jugement. Ensemble, nous chercherons \u00e0 mettre du sens sur ce que vous vivez, et \u00e0 mobiliser vos propres ressources pour avancer.<\/p>\n\n\n\n<p class=\"has-text-align-left has-secondary-color has-text-color has-superbfont-small-font-size\">Ma pratique repose sur l\u2019id\u00e9e que le changement \u00e9merge autant de la compr\u00e9hension que de l\u2019action. Je vous guiderai, \u00e0 votre rythme, \u00e0 l\u2019aide d\u2019outils concrets et d\u2019un accompagnement actif, pour transformer ce qui freine aujourd\u2019hui en une dynamique plus apais\u00e9e, plus consciente, et plus align\u00e9e avec vous-m\u00eame.<\/p>\n<\/div>\n<\/div>\n\n\n\n<div class=\"wp-block-column is-vertically-aligned-center is-layout-flow wp-container-core-column-is-layout-40a2a7e8 wp-block-column-is-layout-flow\" style=\"padding-right:0;padding-bottom:0;padding-left:0\">\n<figure class=\"wp-block-image size-full has-custom-border\"><img loading=\"lazy\" decoding=\"async\" width=\"735\" height=\"490\" src=\"http:\/\/anaisfauveau-therapie.fr\/wp-content\/uploads\/2025\/05\/c40603a4c69ab4527bfbaac17bacf01e.jpg\" alt=\"\" class=\"wp-image-71\" style=\"border-radius:8px\" srcset=\"https:\/\/anaisfauveau-therapie.fr\/wp-content\/uploads\/2025\/05\/c40603a4c69ab4527bfbaac17bacf01e.jpg 735w, https:\/\/anaisfauveau-therapie.fr\/wp-content\/uploads\/2025\/05\/c40603a4c69ab4527bfbaac17bacf01e-300x200.jpg 300w\" sizes=\"auto, (max-width: 735px) 100vw, 735px\" \/><\/figure>\n<\/div>\n<\/div>\n<\/div>\n\n\n\n<div class=\"wp-block-group alignfull column-parent-border-radius has-global-padding is-layout-constrained wp-container-core-group-is-layout-87cc3397 wp-block-group-is-layout-constrained\" style=\"margin-top:0;margin-bottom:0;padding-top:var(--wp--preset--spacing--superbspacing-xlarge);padding-right:var(--wp--preset--spacing--superbspacing-small);padding-bottom:var(--wp--preset--spacing--superbspacing-xlarge);padding-left:var(--wp--preset--spacing--superbspacing-small)\">\n<div class=\"wp-block-group alignwide has-global-padding is-layout-constrained wp-container-core-group-is-layout-e52907a5 wp-block-group-is-layout-constrained\">\n<h2 class=\"wp-block-heading has-text-align-center has-contrast-color has-text-color has-superbfont-xlarge-font-size\">Les techniques utilis\u00e9es<\/h2>\n\n\n\n<p class=\"has-text-align-center has-mono-2-color has-text-color has-superbfont-small-font-size\">Mon r\u00f4le est de vous offrir un accompagnement sur mesure, respectueux de votre histoire, pour avancer \u00e0 votre rythme vers un mieux-\u00eatre durable.<\/p>\n<\/div>\n\n\n\n<div class=\"wp-block-columns is-layout-flex wp-container-core-columns-is-layout-28f84493 wp-block-columns-is-layout-flex\">\n<div class=\"wp-block-column has-background is-layout-flow wp-block-column-is-layout-flow\" style=\"background-color:#f0e4e17d;padding-top:var(--wp--preset--spacing--superbspacing-small);padding-right:var(--wp--preset--spacing--superbspacing-small);padding-bottom:var(--wp--preset--spacing--superbspacing-small);padding-left:var(--wp--preset--spacing--superbspacing-small)\">\n<figure class=\"wp-block-image aligncenter size-full is-resized\"><img loading=\"lazy\" decoding=\"async\" width=\"500\" height=\"500\" src=\"http:\/\/anaisfauveau-therapie.fr\/wp-content\/uploads\/2025\/05\/2-1.png\" alt=\"\" class=\"wp-image-96\" style=\"object-fit:cover;width:114px;height:auto\" srcset=\"https:\/\/anaisfauveau-therapie.fr\/wp-content\/uploads\/2025\/05\/2-1.png 500w, https:\/\/anaisfauveau-therapie.fr\/wp-content\/uploads\/2025\/05\/2-1-300x300.png 300w, https:\/\/anaisfauveau-therapie.fr\/wp-content\/uploads\/2025\/05\/2-1-150x150.png 150w\" sizes=\"auto, (max-width: 500px) 100vw, 500px\" \/><\/figure>\n\n\n\n<h3 class=\"wp-block-heading has-text-align-center has-primary-hover-color has-text-color has-link-color has-superbfont-medium-font-size wp-elements-ecdb30603210b7706a33349d6b8e26e0\" style=\"margin-top:0;margin-bottom:0\">Programmation neuro-linguistique (PNL)<\/h3>\n\n\n\n<p class=\"has-text-align-center has-mono-2-color has-text-color has-superbfont-xsmall-font-size\" style=\"margin-top:var(--wp--preset--spacing--superbspacing-xxsmall);margin-bottom:0\">est une approche qui \u00e9tudie la mani\u00e8re dont nos pens\u00e9es, notre langage et nos comportements sont li\u00e9s. Elle propose des outils concrets pour modifier certains sch\u00e9mas mentaux ou \u00e9motionnels et am\u00e9liorer notre fa\u00e7on de communiquer, de r\u00e9agir et d\u2019\u00e9voluer.<\/p>\n<\/div>\n\n\n\n<div class=\"wp-block-column has-background is-layout-flow wp-block-column-is-layout-flow\" style=\"background-color:#f0e4e17d;padding-top:var(--wp--preset--spacing--superbspacing-small);padding-right:var(--wp--preset--spacing--superbspacing-small);padding-bottom:var(--wp--preset--spacing--superbspacing-small);padding-left:var(--wp--preset--spacing--superbspacing-small)\">\n<figure class=\"wp-block-image aligncenter size-full is-resized\"><img loading=\"lazy\" decoding=\"async\" width=\"500\" height=\"500\" src=\"http:\/\/anaisfauveau-therapie.fr\/wp-content\/uploads\/2025\/05\/3-1.png\" alt=\"\" class=\"wp-image-97\" style=\"width:113px\" srcset=\"https:\/\/anaisfauveau-therapie.fr\/wp-content\/uploads\/2025\/05\/3-1.png 500w, https:\/\/anaisfauveau-therapie.fr\/wp-content\/uploads\/2025\/05\/3-1-300x300.png 300w, https:\/\/anaisfauveau-therapie.fr\/wp-content\/uploads\/2025\/05\/3-1-150x150.png 150w\" sizes=\"auto, (max-width: 500px) 100vw, 500px\" \/><\/figure>\n\n\n\n<h3 class=\"wp-block-heading has-text-align-center has-primary-hover-color has-text-color has-link-color has-superbfont-medium-font-size wp-elements-5ae25b4df6e30660f927a421bfd2966b\" style=\"margin-top:0;margin-bottom:0\">Emotional Freedom Technique<\/h3>\n\n\n\n<p class=\"has-text-align-center has-mono-2-color has-text-color has-superbfont-xsmall-font-size\" style=\"margin-top:var(--wp--preset--spacing--superbspacing-xxsmall);margin-bottom:0\">est une m\u00e9thode qui associe la parole \u00e0 des tapotements sur des points d\u2019acupuncture pour lib\u00e9rer les \u00e9motions n\u00e9gatives. Elle aide \u00e0 apaiser le stress, l\u2019anxi\u00e9t\u00e9 ou les blocages en r\u00e9\u00e9quilibrant l\u2019\u00e9nergie du corps.<\/p>\n<\/div>\n\n\n\n<div class=\"wp-block-column has-background is-layout-flow wp-block-column-is-layout-flow\" style=\"background-color:#f0e4e178;padding-top:var(--wp--preset--spacing--superbspacing-small);padding-right:var(--wp--preset--spacing--superbspacing-small);padding-bottom:var(--wp--preset--spacing--superbspacing-small);padding-left:var(--wp--preset--spacing--superbspacing-small)\">\n<figure class=\"wp-block-image aligncenter size-full is-resized\"><img loading=\"lazy\" decoding=\"async\" width=\"500\" height=\"500\" src=\"http:\/\/anaisfauveau-therapie.fr\/wp-content\/uploads\/2025\/05\/4-1.png\" alt=\"\" class=\"wp-image-98\" style=\"object-fit:cover;width:112px;height:auto\" srcset=\"https:\/\/anaisfauveau-therapie.fr\/wp-content\/uploads\/2025\/05\/4-1.png 500w, https:\/\/anaisfauveau-therapie.fr\/wp-content\/uploads\/2025\/05\/4-1-300x300.png 300w, https:\/\/anaisfauveau-therapie.fr\/wp-content\/uploads\/2025\/05\/4-1-150x150.png 150w\" sizes=\"auto, (max-width: 500px) 100vw, 500px\" \/><\/figure>\n\n\n\n<h3 class=\"wp-block-heading has-text-align-center has-primary-hover-color has-text-color has-superbfont-medium-font-size\" style=\"margin-top:0;margin-bottom:0\">Approche syst\u00e9mique<\/h3>\n\n\n\n<p class=\"has-text-align-center has-mono-2-color has-text-color has-superbfont-xsmall-font-size\" style=\"margin-top:var(--wp--preset--spacing--superbspacing-xxsmall);margin-bottom:0\">consid\u00e8re que chaque individu fait partie de plusieurs syst\u00e8mes (familial, professionnel, social\u2026) et que ses difficult\u00e9s prennent souvent sens dans ces interactions. Elle aide \u00e0 comprendre les dynamiques relationnelles et \u00e0 trouver un nouvel \u00e9quilibre en agissant sur les liens plut\u00f4t que sur la personne seule.<\/p>\n<\/div>\n<\/div>\n<\/div>\n","protected":false},"excerpt":{"rendered":"<p>Mon r\u00f4le est de vous accompagner avec \u00e9coute, bienveillance et respect, dans ce que vous traversez ou cherchez \u00e0 transformer. Que vous soyez confront\u00e9.e \u00e0 une difficult\u00e9, une p\u00e9riode de transition, une souffrance ancienne ou simplement le besoin de mieux vous conna\u00eetre, je vous propose un espace d\u2019accueil sinc\u00e8re et sans jugement. Ensemble, nous chercherons [&hellip;]<\/p>\n","protected":false},"author":1,"featured_media":0,"parent":0,"menu_order":0,"comment_status":"closed","ping_status":"closed","template":"superbaddons-page-template","meta":{"footnotes":""},"class_list":["post-16","page","type-page","status-publish","hentry"],"_links":{"self":[{"href":"https:\/\/anaisfauveau-therapie.fr\/index.php\/wp-json\/wp\/v2\/pages\/16","targetHints":{"allow":["GET"]}}],"collection":[{"href":"https:\/\/anaisfauveau-therapie.fr\/index.php\/wp-json\/wp\/v2\/pages"}],"about":[{"href":"https:\/\/anaisfauveau-therapie.fr\/index.php\/wp-json\/wp\/v2\/types\/page"}],"author":[{"embeddable":true,"href":"https:\/\/anaisfauveau-therapie.fr\/index.php\/wp-json\/wp\/v2\/users\/1"}],"replies":[{"embeddable":true,"href":"https:\/\/anaisfauveau-therapie.fr\/index.php\/wp-json\/wp\/v2\/comments?post=16"}],"version-history":[{"count":15,"href":"https:\/\/anaisfauveau-therapie.fr\/index.php\/wp-json\/wp\/v2\/pages\/16\/revisions"}],"predecessor-version":[{"id":112,"href":"https:\/\/anaisfauveau-therapie.fr\/index.php\/wp-json\/wp\/v2\/pages\/16\/revisions\/112"}],"wp:attachment":[{"href":"https:\/\/anaisfauveau-therapie.fr\/index.php\/wp-json\/wp\/v2\/media?parent=16"}],"curies":[{"name":"wp","href":"https:\/\/api.w.org\/{rel}","templated":true}]}}